{"id":901,"date":"2024-10-31T10:21:32","date_gmt":"2024-10-31T09:21:32","guid":{"rendered":"https:\/\/switzerlangues.ch\/politique-qualite\/"},"modified":"2025-03-07T14:23:53","modified_gmt":"2025-03-07T13:23:53","slug":"politik-qualitat","status":"publish","type":"page","link":"https:\/\/switzerlangues.ch\/de\/politik-qualitat\/","title":{"rendered":"Qualit\u00e4tspolitik"},"content":{"rendered":"\n<p>SwitzerLangues, ein Sprachausbildungszentrum f\u00fcr Erwachsene in Genf, tr\u00e4gt zur Entwicklung von Sprachkenntnissen bei, die den Bed\u00fcrfnissen des Arbeitsmarktes entsprechen, sowohl f\u00fcr Unternehmen als auch f\u00fcr Einzelpersonen, und tr\u00e4gt auch zur Integration von nicht-franz\u00f6sischsprachigen Personen in der Westschweiz bei.<\/p>\n\n<p><br\/>SwitzerLangues verpflichtet sich zu einem kontinuierlichen Verbesserungsprozess, der auf dem Qualit\u00e4tsmanagementsystem nach dem EduQua-Qualit\u00e4tslabel basiert.<\/p>\n\n<p><br\/>Um die strategischen Ziele zu erreichen, baut SwitzerLangues in einem sich st\u00e4ndig ver\u00e4ndernden Umfeld auf seine Werte: Flexibilit\u00e4t, Anpassungsf\u00e4higkeit, Engagement, Qualit\u00e4t der Kurse und des Personals, Dynamik, Erfahrung, Teamgeist und Geselligkeit.<\/p>\n\n<p><br\/>Die Qualit\u00e4tspolitik orientiert sich an drei Hauptachsen:<\/p>\n\n<ul class=\"wp-block-list\">\n<li>Zufriedenheit der Kunden und Interessengruppen ;<\/li>\n\n\n\n<li>Kontrolle von Risiken und Chancen ;<\/li>\n\n\n\n<li>Kontinuierliche Verbesserung.<\/li>\n<\/ul>\n\n<p><\/p>\n\n<p><\/p>\n\n<p>Das Management konkretisiert diesen Verbesserungsprozess durch die Anwendung von Verfahren, begleitenden Ma\u00dfnahmen und einer kontinuierlichen Bewertung.<\/p>\n","protected":false},"excerpt":{"rendered":"<p>SwitzerLangues, ein Sprachausbildungszentrum f\u00fcr Erwachsene in Genf, tr\u00e4gt zur Entwicklung von Sprachkenntnissen bei, die den Bed\u00fcrfnissen des Arbeitsmarktes entsprechen, sowohl f\u00fcr Unternehmen als auch f\u00fcr Einzelpersonen, und tr\u00e4gt auch zur Integration von nicht-franz\u00f6sischsprachigen Personen in der Westschweiz bei. SwitzerLangues verpflichtet sich zu einem kontinuierlichen Verbesserungsprozess, der auf dem Qualit\u00e4tsmanagementsystem nach dem EduQua-Qualit\u00e4tslabel basiert. Um die [&hellip;]<\/p>\n","protected":false},"author":1,"featured_media":0,"parent":0,"menu_order":0,"comment_status":"closed","ping_status":"closed","template":"","meta":{"_acf_changed":false,"footnotes":""},"class_list":["post-901","page","type-page","status-publish","hentry"],"acf":[],"yoast_head":"<!-- This site is optimized with the Yoast SEO plugin v27.2 - https:\/\/yoast.com\/product\/yoast-seo-wordpress\/ -->\n<title>Qualit\u00e4tspolitik - switzerlangues<\/title>\n<meta name=\"robots\" content=\"index, follow, max-snippet:-1, max-image-preview:large, max-video-preview:-1\" \/>\n<link rel=\"canonical\" href=\"https:\/\/switzerlangues.ch\/de\/politik-qualitat\/\" \/>\n<meta property=\"og:locale\" content=\"de_DE\" \/>\n<meta property=\"og:type\" content=\"article\" \/>\n<meta property=\"og:title\" content=\"Qualit\u00e4tspolitik - switzerlangues\" \/>\n<meta property=\"og:description\" content=\"SwitzerLangues, ein Sprachausbildungszentrum f\u00fcr Erwachsene in Genf, tr\u00e4gt zur Entwicklung von Sprachkenntnissen bei, die den Bed\u00fcrfnissen des Arbeitsmarktes entsprechen, sowohl f\u00fcr Unternehmen als auch f\u00fcr Einzelpersonen, und tr\u00e4gt auch zur Integration von nicht-franz\u00f6sischsprachigen Personen in der Westschweiz bei. SwitzerLangues verpflichtet sich zu einem kontinuierlichen Verbesserungsprozess, der auf dem Qualit\u00e4tsmanagementsystem nach dem EduQua-Qualit\u00e4tslabel basiert. Um die [&hellip;]\" \/>\n<meta property=\"og:url\" content=\"https:\/\/switzerlangues.ch\/de\/politik-qualitat\/\" \/>\n<meta property=\"og:site_name\" content=\"switzerlangues\" \/>\n<meta property=\"article:modified_time\" content=\"2025-03-07T13:23:53+00:00\" \/>\n<meta name=\"twitter:card\" content=\"summary_large_image\" \/>\n<meta name=\"twitter:label1\" content=\"Gesch\u00e4tzte Lesezeit\" \/>\n\t<meta name=\"twitter:data1\" content=\"1\u00a0Minute\" \/>\n<script type=\"application\/ld+json\" class=\"yoast-schema-graph\">{\"@context\":\"https:\/\/schema.org\",\"@graph\":[{\"@type\":\"WebPage\",\"@id\":\"https:\/\/switzerlangues.ch\/de\/politik-qualitat\/\",\"url\":\"https:\/\/switzerlangues.ch\/de\/politik-qualitat\/\",\"name\":\"Qualit\u00e4tspolitik - switzerlangues\",\"isPartOf\":{\"@id\":\"https:\/\/switzerlangues.ch\/de\/#website\"},\"datePublished\":\"2024-10-31T09:21:32+00:00\",\"dateModified\":\"2025-03-07T13:23:53+00:00\",\"breadcrumb\":{\"@id\":\"https:\/\/switzerlangues.ch\/de\/politik-qualitat\/#breadcrumb\"},\"inLanguage\":\"de\",\"potentialAction\":[{\"@type\":\"ReadAction\",\"target\":[\"https:\/\/switzerlangues.ch\/de\/politik-qualitat\/\"]}]},{\"@type\":\"BreadcrumbList\",\"@id\":\"https:\/\/switzerlangues.ch\/de\/politik-qualitat\/#breadcrumb\",\"itemListElement\":[{\"@type\":\"ListItem\",\"position\":1,\"name\":\"Accueil\",\"item\":\"https:\/\/switzerlangues.ch\/de\/\"},{\"@type\":\"ListItem\",\"position\":2,\"name\":\"Qualit\u00e4tspolitik\"}]},{\"@type\":\"WebSite\",\"@id\":\"https:\/\/switzerlangues.ch\/de\/#website\",\"url\":\"https:\/\/switzerlangues.ch\/de\/\",\"name\":\"switzerlangues\",\"description\":\"\",\"potentialAction\":[{\"@type\":\"SearchAction\",\"target\":{\"@type\":\"EntryPoint\",\"urlTemplate\":\"https:\/\/switzerlangues.ch\/de\/?s={search_term_string}\"},\"query-input\":{\"@type\":\"PropertyValueSpecification\",\"valueRequired\":true,\"valueName\":\"search_term_string\"}}],\"inLanguage\":\"de\"}]}<\/script>\n<!-- \/ Yoast SEO plugin. -->","yoast_head_json":{"title":"Qualit\u00e4tspolitik - switzerlangues","robots":{"index":"index","follow":"follow","max-snippet":"max-snippet:-1","max-image-preview":"max-image-preview:large","max-video-preview":"max-video-preview:-1"},"canonical":"https:\/\/switzerlangues.ch\/de\/politik-qualitat\/","og_locale":"de_DE","og_type":"article","og_title":"Qualit\u00e4tspolitik - switzerlangues","og_description":"SwitzerLangues, ein Sprachausbildungszentrum f\u00fcr Erwachsene in Genf, tr\u00e4gt zur Entwicklung von Sprachkenntnissen bei, die den Bed\u00fcrfnissen des Arbeitsmarktes entsprechen, sowohl f\u00fcr Unternehmen als auch f\u00fcr Einzelpersonen, und tr\u00e4gt auch zur Integration von nicht-franz\u00f6sischsprachigen Personen in der Westschweiz bei. SwitzerLangues verpflichtet sich zu einem kontinuierlichen Verbesserungsprozess, der auf dem Qualit\u00e4tsmanagementsystem nach dem EduQua-Qualit\u00e4tslabel basiert. Um die [&hellip;]","og_url":"https:\/\/switzerlangues.ch\/de\/politik-qualitat\/","og_site_name":"switzerlangues","article_modified_time":"2025-03-07T13:23:53+00:00","twitter_card":"summary_large_image","twitter_misc":{"Gesch\u00e4tzte Lesezeit":"1\u00a0Minute"},"schema":{"@context":"https:\/\/schema.org","@graph":[{"@type":"WebPage","@id":"https:\/\/switzerlangues.ch\/de\/politik-qualitat\/","url":"https:\/\/switzerlangues.ch\/de\/politik-qualitat\/","name":"Qualit\u00e4tspolitik - switzerlangues","isPartOf":{"@id":"https:\/\/switzerlangues.ch\/de\/#website"},"datePublished":"2024-10-31T09:21:32+00:00","dateModified":"2025-03-07T13:23:53+00:00","breadcrumb":{"@id":"https:\/\/switzerlangues.ch\/de\/politik-qualitat\/#breadcrumb"},"inLanguage":"de","potentialAction":[{"@type":"ReadAction","target":["https:\/\/switzerlangues.ch\/de\/politik-qualitat\/"]}]},{"@type":"BreadcrumbList","@id":"https:\/\/switzerlangues.ch\/de\/politik-qualitat\/#breadcrumb","itemListElement":[{"@type":"ListItem","position":1,"name":"Accueil","item":"https:\/\/switzerlangues.ch\/de\/"},{"@type":"ListItem","position":2,"name":"Qualit\u00e4tspolitik"}]},{"@type":"WebSite","@id":"https:\/\/switzerlangues.ch\/de\/#website","url":"https:\/\/switzerlangues.ch\/de\/","name":"switzerlangues","description":"","potentialAction":[{"@type":"SearchAction","target":{"@type":"EntryPoint","urlTemplate":"https:\/\/switzerlangues.ch\/de\/?s={search_term_string}"},"query-input":{"@type":"PropertyValueSpecification","valueRequired":true,"valueName":"search_term_string"}}],"inLanguage":"de"}]}},"_links":{"self":[{"href":"https:\/\/switzerlangues.ch\/de\/wp-json\/wp\/v2\/pages\/901","targetHints":{"allow":["GET"]}}],"collection":[{"href":"https:\/\/switzerlangues.ch\/de\/wp-json\/wp\/v2\/pages"}],"about":[{"href":"https:\/\/switzerlangues.ch\/de\/wp-json\/wp\/v2\/types\/page"}],"author":[{"embeddable":true,"href":"https:\/\/switzerlangues.ch\/de\/wp-json\/wp\/v2\/users\/1"}],"replies":[{"embeddable":true,"href":"https:\/\/switzerlangues.ch\/de\/wp-json\/wp\/v2\/comments?post=901"}],"version-history":[{"count":2,"href":"https:\/\/switzerlangues.ch\/de\/wp-json\/wp\/v2\/pages\/901\/revisions"}],"predecessor-version":[{"id":911,"href":"https:\/\/switzerlangues.ch\/de\/wp-json\/wp\/v2\/pages\/901\/revisions\/911"}],"wp:attachment":[{"href":"https:\/\/switzerlangues.ch\/de\/wp-json\/wp\/v2\/media?parent=901"}],"curies":[{"name":"wp","href":"https:\/\/api.w.org\/{rel}","templated":true}]}}