{"id":906,"date":"2023-07-03T09:59:31","date_gmt":"2023-07-03T09:59:31","guid":{"rendered":"https:\/\/switzerlangues.ch\/protection-de-donnees\/"},"modified":"2025-03-07T14:24:13","modified_gmt":"2025-03-07T13:24:13","slug":"datenschutz","status":"publish","type":"page","link":"https:\/\/switzerlangues.ch\/de\/datenschutz\/","title":{"rendered":"Datenschutz"},"content":{"rendered":"\n<h2 class=\"wp-block-heading\">Verordnung \u00fcber den Datenschutz und die Wahrung der Rechte von Personen<\/h2>\n\n<p>Pers\u00f6nliche Daten von Mitarbeitern und Kunden werden mit deren Zustimmung<br\/>und nur im Zusammenhang mit unserer T\u00e4tigkeit als Weiterbildungszentrum verwendet. Wir<br\/>sie zur Erstellung von Studenten- und Personalakten, f\u00fcr<br\/>Kontaktzwecke, zum Versenden von Informationen und\/oder Newslettern. Jeder Mitarbeiter oder Kunde kann diese Daten jederzeit einsehen, indem er sich an das Management wendet.  <\/p>\n\n<p><br\/>Die Studenten- und Mitarbeiterakten werden auf sicheren IT-Plattformen gespeichert, auf die nur die Direktion und das Verwaltungsteam \u00fcber regelm\u00e4\u00dfig aktualisierte Logins und Passw\u00f6rter<br\/>Zugriff haben.<br\/>Die Speicherung dieser Akten und pers\u00f6nlichen Informationen auf IT-Plattformen erm\u00f6glicht es uns, die Daten vor Verlust und unberechtigtem Zugriff zu sch\u00fctzen.<\/p>\n\n<p><br\/>Wir geben unseren Kunden und Mitarbeitern die M\u00f6glichkeit, ihre pers\u00f6nlichen Daten einzusehen, sie zu aktualisieren oder zu berichtigen und sie sogar l\u00f6schen zu lassen, wenn<br\/>eine Registrierung storniert wurde oder die gesetzliche Archivierungsfrist von zehn Jahren abgelaufen ist.<br\/><\/p>\n\n<p>Alle Mitarbeiter von SwitzerLangues haben eine Vertraulichkeitserkl\u00e4rung<br\/>unterzeichnet, in der sie sich verpflichten, sensible Informationen, wie z.B. pers\u00f6nliche Kundendaten<br\/>, die vertraulich behandelt werden sollen, nicht zu verwenden oder weiterzugeben.<\/p>\n\n<h2 class=\"wp-block-heading\"><br\/>Recht auf Widerruf<\/h2>\n\n<p>Wer unsere Newsletter nicht mehr erhalten m\u00f6chte, kann seine Einwilligung<br\/>jederzeit widerrufen, indem er uns eine E-Mail an info@switzerlangues.ch schreibt oder indem er auf die Schaltfl\u00e4che<br\/>&#8222;Unsubscribe&#8220; am Ende jedes Newsletters klickt. Der Widerruf wird sofort registriert und der Newsletter wird nicht mehr versendet. <\/p>\n\n<h2 class=\"wp-block-heading\"><br\/>\u00dcbermittlung von pers\u00f6nlichen Daten<\/h2>\n\n<p>Wir bieten den h\u00f6chstm\u00f6glichen Schutz f\u00fcr die pers\u00f6nlichen Daten<br\/>unserer Mitarbeiter und Kunden und aktualisieren diesen regelm\u00e4\u00dfig. Wir<br\/>diese pers\u00f6nlichen Daten nicht an Dritte weitergeben, mit Ausnahme von : <\/p>\n\n<ul class=\"wp-block-list\">\n<li>wenn wir durch gesetzliche, amtliche oder gerichtliche Auflagen dazu verpflichtet sind.<\/li>\n\n\n\n<li>wenn wir bestimmte Aufgaben an eine IT-Firma oder einen Treuh\u00e4nder \u00fcbertragen m\u00fcssen. In diesem Fall verpflichtet ein Vertrag \u00fcber die Vergabe von Unterauftr\u00e4gen diesen Anbieter, das h\u00f6chstm\u00f6gliche Schutzniveau f\u00fcr diese Daten zu gew\u00e4hrleisten. <br\/><\/li>\n<\/ul>\n\n<h2 class=\"wp-block-heading\">Recht auf Nutzung des Lehrmaterials<\/h2>\n\n<p>Die Programme von SwitzerLangues basieren auf den Methoden anerkannter Verlage. Die Trainer haben Zugang zu den Online-Versionen dieser Methoden und<br\/>nutzen diese gem\u00e4\u00df den geltenden allgemeinen Nutzungsbedingungen.<br\/>Alle im Unterricht verwendeten Texte, Fotografien, Illustrationen, Videos oder Audiodateien werden auf<br\/>einem Medium verteilt, das mit dem Logo von SwitzerLangues und der Quelle des Dokuments versehen ist. <br\/><\/p>\n\n<h2 class=\"wp-block-heading\">Website<\/h2>\n\n<p>Auf unserer Website www.switzerlangues.ch speichert der Server vor\u00fcbergehend<br\/>die IP-Adresse, den Typ des Browsers und des Betriebssystems des von<br\/>verwendeten Ger\u00e4ts, das Datum und die Dauer des Besuchs sowie die Website, von der aus<br\/>besucht wurde. Diese Daten werden gel\u00f6scht, wenn die Browsersitzung<br\/>beendet ist und keine R\u00fcckschl\u00fcsse auf eine bestimmte Person zul\u00e4sst. <br\/><\/p>\n\n<h2 class=\"wp-block-heading\">Google<br\/><\/h2>\n\n<p>Unsere Website verwendet einen von Google bereitgestellten Dienst zur Analyse des Datenverkehrs, Google Analytics, der Cookies verwendet. Wir verwenden auch Google AdWords, das<br\/>ein Cookie auf dem Computer des Besuchers platziert, wenn die Webseite \u00fcber eine<br\/>Google-Anzeige aufgerufen wurde, wodurch wir erfahren, ob jemand auf die Anzeige geklickt hat und<br\/>zu unserer Webseite weitergeleitet wurde. Auf diese Weise werden wir \u00fcber die Gesamtzahl der Nutzer informiert, die<br\/>auf unsere Google-Anzeige geklickt haben und zu der mit<br\/>unserer Website verlinkten Webseite weitergeleitet wurden. Schlie\u00dflich verwenden wir die Remarketing-Technologie von Google, durch die<br\/>mit Hilfe von Cookies den Nutzern unserer Website, die an einer unserer Dienstleistungen<br\/>interessiert sind, auf den Webseiten des Google-Partnernetzwerks Werbung angezeigt wird, die auf<br\/>ihre Interessen ausgerichtet ist.   <br\/><\/p>\n\n<h2 class=\"wp-block-heading\">Whatsapp<br\/><\/h2>\n\n<p>Wir verwenden Whatsapp, um Unterrichtsgruppen zu bilden. Dies erm\u00f6glicht einen einfachen Kontakt und<br\/>Informationsaustausch zwischen den Mitgliedern der Klassengruppe. Sowohl Mitarbeiter als auch Kunden haben die Wahl, der Klassengruppe nicht beizutreten oder<br\/>jederzeit zu verlassen.<br\/>Nachrichten, Anrufe, Fotos, Videos und Statusmeldungen, die \u00fcber Whatsapp geteilt werden, sind<br\/>Informationen, die Ende-zu-Ende mit dem kryptographischen Open-Source-Protokoll<br\/>Signal Protocol verschl\u00fcsselt werden. Das Profilbild, die Nachrichten und die Namen und Beschreibungen der<br\/>Gruppen sind jedoch nicht verschl\u00fcsselt, so dass WhatsApp diese Daten einsehen kann. WhatsApp sammelt dar\u00fcber hinaus die folgenden Daten \u00fcber Internetnutzer:    <br\/><\/p>\n\n<div class=\"wp-block-group\"><div class=\"wp-block-group__inner-container is-layout-constrained wp-block-group-is-layout-constrained\">\n<ul class=\"wp-block-list\">\n<li>den allgemeinen Standort des Smartphones des Nutzers ;<\/li>\n\n\n\n<li>Telefonnummern aus den Adressb\u00fcchern des Benutzers ;<\/li>\n\n\n\n<li>das Datum der Gr\u00fcndung der Gruppen ;<\/li>\n\n\n\n<li>Uhrzeit, H\u00e4ufigkeit und Dauer der Nutzung von WhatsApp ;<\/li>\n\n\n\n<li>das Betriebssystem des Smartphones des Nutzers ;<\/li>\n\n\n\n<li>den Akkustand des Telefons des Nutzers ;<\/li>\n\n\n\n<li>die Version der Android- oder iOS-App;<\/li>\n\n\n\n<li>den Namen des Browsers des Nutzers ;<\/li>\n\n\n\n<li>den Namen des Betreibers des Nutzers ;<\/li>\n\n\n\n<li>die IP-Adresse ;<\/li>\n\n\n\n<li>Cookies.<\/li>\n<\/ul>\n<\/div><\/div>\n\n<p class=\"has-text-align-center\"><\/p>\n\n<p class=\"has-text-align-center\">Wir erl\u00e4utern die Umsetzung des Schutzes personenbezogener Daten<br\/>in unseren Vorschriften, Verfahren und internen Dokumenten<br\/>und \u00fcberpr\u00fcfen sie laufend.<\/p>\n","protected":false},"excerpt":{"rendered":"<p>Verordnung \u00fcber den Datenschutz und die Wahrung der Rechte von Personen Pers\u00f6nliche Daten von Mitarbeitern und Kunden werden mit deren Zustimmungund nur im Zusammenhang mit unserer T\u00e4tigkeit als Weiterbildungszentrum verwendet. Wirsie zur Erstellung von Studenten- und Personalakten, f\u00fcrKontaktzwecke, zum Versenden von Informationen und\/oder Newslettern. Jeder Mitarbeiter oder Kunde kann diese Daten jederzeit einsehen, indem er [&hellip;]<\/p>\n","protected":false},"author":1,"featured_media":0,"parent":0,"menu_order":0,"comment_status":"closed","ping_status":"closed","template":"","meta":{"_acf_changed":false,"footnotes":""},"class_list":["post-906","page","type-page","status-publish","hentry"],"acf":[],"yoast_head":"<!-- This site is optimized with the Yoast SEO plugin v27.2 - https:\/\/yoast.com\/product\/yoast-seo-wordpress\/ -->\n<title>Datenschutz - switzerlangues<\/title>\n<meta name=\"robots\" content=\"index, follow, max-snippet:-1, max-image-preview:large, max-video-preview:-1\" \/>\n<link rel=\"canonical\" href=\"https:\/\/switzerlangues.ch\/de\/datenschutz\/\" \/>\n<meta property=\"og:locale\" content=\"de_DE\" \/>\n<meta property=\"og:type\" content=\"article\" \/>\n<meta property=\"og:title\" content=\"Datenschutz - switzerlangues\" \/>\n<meta property=\"og:description\" content=\"Verordnung \u00fcber den Datenschutz und die Wahrung der Rechte von Personen Pers\u00f6nliche Daten von Mitarbeitern und Kunden werden mit deren Zustimmungund nur im Zusammenhang mit unserer T\u00e4tigkeit als Weiterbildungszentrum verwendet. Wirsie zur Erstellung von Studenten- und Personalakten, f\u00fcrKontaktzwecke, zum Versenden von Informationen und\/oder Newslettern. Jeder Mitarbeiter oder Kunde kann diese Daten jederzeit einsehen, indem er [&hellip;]\" \/>\n<meta property=\"og:url\" content=\"https:\/\/switzerlangues.ch\/de\/datenschutz\/\" \/>\n<meta property=\"og:site_name\" content=\"switzerlangues\" \/>\n<meta property=\"article:modified_time\" content=\"2025-03-07T13:24:13+00:00\" \/>\n<meta name=\"twitter:card\" content=\"summary_large_image\" \/>\n<meta name=\"twitter:label1\" content=\"Gesch\u00e4tzte Lesezeit\" \/>\n\t<meta name=\"twitter:data1\" content=\"4\u00a0Minuten\" \/>\n<script type=\"application\/ld+json\" class=\"yoast-schema-graph\">{\"@context\":\"https:\/\/schema.org\",\"@graph\":[{\"@type\":\"WebPage\",\"@id\":\"https:\/\/switzerlangues.ch\/de\/datenschutz\/\",\"url\":\"https:\/\/switzerlangues.ch\/de\/datenschutz\/\",\"name\":\"Datenschutz - switzerlangues\",\"isPartOf\":{\"@id\":\"https:\/\/switzerlangues.ch\/de\/#website\"},\"datePublished\":\"2023-07-03T09:59:31+00:00\",\"dateModified\":\"2025-03-07T13:24:13+00:00\",\"breadcrumb\":{\"@id\":\"https:\/\/switzerlangues.ch\/de\/datenschutz\/#breadcrumb\"},\"inLanguage\":\"de\",\"potentialAction\":[{\"@type\":\"ReadAction\",\"target\":[\"https:\/\/switzerlangues.ch\/de\/datenschutz\/\"]}]},{\"@type\":\"BreadcrumbList\",\"@id\":\"https:\/\/switzerlangues.ch\/de\/datenschutz\/#breadcrumb\",\"itemListElement\":[{\"@type\":\"ListItem\",\"position\":1,\"name\":\"Accueil\",\"item\":\"https:\/\/switzerlangues.ch\/de\/\"},{\"@type\":\"ListItem\",\"position\":2,\"name\":\"Datenschutz\"}]},{\"@type\":\"WebSite\",\"@id\":\"https:\/\/switzerlangues.ch\/de\/#website\",\"url\":\"https:\/\/switzerlangues.ch\/de\/\",\"name\":\"switzerlangues\",\"description\":\"\",\"potentialAction\":[{\"@type\":\"SearchAction\",\"target\":{\"@type\":\"EntryPoint\",\"urlTemplate\":\"https:\/\/switzerlangues.ch\/de\/?s={search_term_string}\"},\"query-input\":{\"@type\":\"PropertyValueSpecification\",\"valueRequired\":true,\"valueName\":\"search_term_string\"}}],\"inLanguage\":\"de\"}]}<\/script>\n<!-- \/ Yoast SEO plugin. -->","yoast_head_json":{"title":"Datenschutz - switzerlangues","robots":{"index":"index","follow":"follow","max-snippet":"max-snippet:-1","max-image-preview":"max-image-preview:large","max-video-preview":"max-video-preview:-1"},"canonical":"https:\/\/switzerlangues.ch\/de\/datenschutz\/","og_locale":"de_DE","og_type":"article","og_title":"Datenschutz - switzerlangues","og_description":"Verordnung \u00fcber den Datenschutz und die Wahrung der Rechte von Personen Pers\u00f6nliche Daten von Mitarbeitern und Kunden werden mit deren Zustimmungund nur im Zusammenhang mit unserer T\u00e4tigkeit als Weiterbildungszentrum verwendet. Wirsie zur Erstellung von Studenten- und Personalakten, f\u00fcrKontaktzwecke, zum Versenden von Informationen und\/oder Newslettern. Jeder Mitarbeiter oder Kunde kann diese Daten jederzeit einsehen, indem er [&hellip;]","og_url":"https:\/\/switzerlangues.ch\/de\/datenschutz\/","og_site_name":"switzerlangues","article_modified_time":"2025-03-07T13:24:13+00:00","twitter_card":"summary_large_image","twitter_misc":{"Gesch\u00e4tzte Lesezeit":"4\u00a0Minuten"},"schema":{"@context":"https:\/\/schema.org","@graph":[{"@type":"WebPage","@id":"https:\/\/switzerlangues.ch\/de\/datenschutz\/","url":"https:\/\/switzerlangues.ch\/de\/datenschutz\/","name":"Datenschutz - switzerlangues","isPartOf":{"@id":"https:\/\/switzerlangues.ch\/de\/#website"},"datePublished":"2023-07-03T09:59:31+00:00","dateModified":"2025-03-07T13:24:13+00:00","breadcrumb":{"@id":"https:\/\/switzerlangues.ch\/de\/datenschutz\/#breadcrumb"},"inLanguage":"de","potentialAction":[{"@type":"ReadAction","target":["https:\/\/switzerlangues.ch\/de\/datenschutz\/"]}]},{"@type":"BreadcrumbList","@id":"https:\/\/switzerlangues.ch\/de\/datenschutz\/#breadcrumb","itemListElement":[{"@type":"ListItem","position":1,"name":"Accueil","item":"https:\/\/switzerlangues.ch\/de\/"},{"@type":"ListItem","position":2,"name":"Datenschutz"}]},{"@type":"WebSite","@id":"https:\/\/switzerlangues.ch\/de\/#website","url":"https:\/\/switzerlangues.ch\/de\/","name":"switzerlangues","description":"","potentialAction":[{"@type":"SearchAction","target":{"@type":"EntryPoint","urlTemplate":"https:\/\/switzerlangues.ch\/de\/?s={search_term_string}"},"query-input":{"@type":"PropertyValueSpecification","valueRequired":true,"valueName":"search_term_string"}}],"inLanguage":"de"}]}},"_links":{"self":[{"href":"https:\/\/switzerlangues.ch\/de\/wp-json\/wp\/v2\/pages\/906","targetHints":{"allow":["GET"]}}],"collection":[{"href":"https:\/\/switzerlangues.ch\/de\/wp-json\/wp\/v2\/pages"}],"about":[{"href":"https:\/\/switzerlangues.ch\/de\/wp-json\/wp\/v2\/types\/page"}],"author":[{"embeddable":true,"href":"https:\/\/switzerlangues.ch\/de\/wp-json\/wp\/v2\/users\/1"}],"replies":[{"embeddable":true,"href":"https:\/\/switzerlangues.ch\/de\/wp-json\/wp\/v2\/comments?post=906"}],"version-history":[{"count":2,"href":"https:\/\/switzerlangues.ch\/de\/wp-json\/wp\/v2\/pages\/906\/revisions"}],"predecessor-version":[{"id":914,"href":"https:\/\/switzerlangues.ch\/de\/wp-json\/wp\/v2\/pages\/906\/revisions\/914"}],"wp:attachment":[{"href":"https:\/\/switzerlangues.ch\/de\/wp-json\/wp\/v2\/media?parent=906"}],"curies":[{"name":"wp","href":"https:\/\/api.w.org\/{rel}","templated":true}]}}