{"id":864,"date":"2024-09-18T10:51:04","date_gmt":"2024-09-18T08:51:04","guid":{"rendered":"https:\/\/switzerlangues.ch\/corporate\/"},"modified":"2025-10-29T13:44:28","modified_gmt":"2025-10-29T12:44:28","slug":"corporativo","status":"publish","type":"page","link":"https:\/\/switzerlangues.ch\/es\/corporativo\/","title":{"rendered":"Cursos para empresas"},"content":{"rendered":"\n<h2 class=\"wp-block-heading\"><strong>Ofrecemos :<\/strong><\/h2>\n\n<p><\/p>\n\n<ul class=\"wp-block-list\">\n<li><strong>Un programa a medida: <\/strong>nuestros formadores cualificados trabajan en estrecha colaboraci\u00f3n con su organizaci\u00f3n para desarrollar un programa personalizado que se ajuste a los requisitos espec\u00edficos de su sector y a sus objetivos empresariales. Sean cuales sean sus necesidades en t\u00e9rminos de vocabulario empresarial, habilidades de negociaci\u00f3n o comunicaci\u00f3n intercultural, podemos ofrecerle una soluci\u00f3n a medida.  <\/li>\n<\/ul>\n\n<p><\/p>\n\n<ul class=\"wp-block-list\">\n<li><strong>SwitzerLangues tambi\u00e9n es un centro de examen oficial fide.<\/strong> Le ofrecemos la oportunidad de preparar a sus empleados para los niveles A1, A2 y B1 necesarios para renovar sus permisos de residencia en Suiza.<\/li>\n<\/ul>\n\n<p><\/p>\n\n<ul class=\"wp-block-list\">\n<li><strong>M\u00e9todos<\/strong> de ense\u00f1anza flexibles <strong>:<\/strong> comprendemos las exigencias de una agenda apretada, por eso ofrecemos m\u00e9todos de ense\u00f1anza flexibles que se adaptan a la disponibilidad y preferencias de tus equipos. Puedes elegir entre sesiones de formaci\u00f3n en la empresa (en tus oficinas), en nuestras instalaciones, cursos virtuales o una combinaci\u00f3n de ambos, para minimizar las interrupciones de tus actividades profesionales. <\/li>\n<\/ul>\n\n<p><\/p>\n\n<ul class=\"wp-block-list\">\n<li><strong>Resultados medibles<\/strong> <strong>:<\/strong> nuestros cursos de idiomas para empresas est\u00e1n dise\u00f1ados para ofrecerle resultados concretos que se reflejen en la vida laboral. Mediante evaluaciones peri\u00f3dicas y el seguimiento de los progresos, nos aseguramos de que los miembros de su equipo consigan mejoras cuantificables en sus conocimientos ling\u00fc\u00edsticos y en su eficacia comunicativa. <\/li>\n<\/ul>\n\n<div style=\"height:100px\" aria-hidden=\"true\" class=\"wp-block-spacer\"><\/div>\n\n<div class=\"wp-block-buttons is-layout-flex wp-block-buttons-is-layout-flex\">\n<div class=\"wp-block-button\"><a class=\"wp-block-button__link wp-element-button\" href=\"mailto:info@switzerlangues.ch\">Contacte con nosotros<\/a><\/div>\n<\/div>\n\n<p><\/p>\n","protected":false},"excerpt":{"rendered":"<p>Ofrecemos :<\/p>\n","protected":false},"author":1,"featured_media":0,"parent":0,"menu_order":0,"comment_status":"closed","ping_status":"closed","template":"","meta":{"_acf_changed":false,"footnotes":""},"class_list":["post-864","page","type-page","status-publish","hentry"],"acf":[],"yoast_head":"<!-- This site is optimized with the Yoast SEO plugin v27.2 - https:\/\/yoast.com\/product\/yoast-seo-wordpress\/ -->\n<title>Cursos para empresas - switzerlangues<\/title>\n<meta name=\"robots\" content=\"index, follow, max-snippet:-1, max-image-preview:large, max-video-preview:-1\" \/>\n<link rel=\"canonical\" href=\"https:\/\/switzerlangues.ch\/es\/corporativo\/\" \/>\n<meta property=\"og:locale\" content=\"es_ES\" \/>\n<meta property=\"og:type\" content=\"article\" \/>\n<meta property=\"og:title\" content=\"Cursos para empresas - switzerlangues\" \/>\n<meta property=\"og:description\" content=\"Ofrecemos :\" \/>\n<meta property=\"og:url\" content=\"https:\/\/switzerlangues.ch\/es\/corporativo\/\" \/>\n<meta property=\"og:site_name\" content=\"switzerlangues\" \/>\n<meta property=\"article:modified_time\" content=\"2025-10-29T12:44:28+00:00\" \/>\n<meta name=\"twitter:card\" content=\"summary_large_image\" \/>\n<meta name=\"twitter:label1\" content=\"Tiempo de lectura\" \/>\n\t<meta name=\"twitter:data1\" content=\"1 minuto\" \/>\n<script type=\"application\/ld+json\" class=\"yoast-schema-graph\">{\"@context\":\"https:\/\/schema.org\",\"@graph\":[{\"@type\":\"WebPage\",\"@id\":\"https:\/\/switzerlangues.ch\/es\/corporativo\/\",\"url\":\"https:\/\/switzerlangues.ch\/es\/corporativo\/\",\"name\":\"Cursos para empresas - switzerlangues\",\"isPartOf\":{\"@id\":\"https:\/\/switzerlangues.ch\/es\/#website\"},\"datePublished\":\"2024-09-18T08:51:04+00:00\",\"dateModified\":\"2025-10-29T12:44:28+00:00\",\"breadcrumb\":{\"@id\":\"https:\/\/switzerlangues.ch\/es\/corporativo\/#breadcrumb\"},\"inLanguage\":\"es\",\"potentialAction\":[{\"@type\":\"ReadAction\",\"target\":[\"https:\/\/switzerlangues.ch\/es\/corporativo\/\"]}]},{\"@type\":\"BreadcrumbList\",\"@id\":\"https:\/\/switzerlangues.ch\/es\/corporativo\/#breadcrumb\",\"itemListElement\":[{\"@type\":\"ListItem\",\"position\":1,\"name\":\"Accueil\",\"item\":\"https:\/\/switzerlangues.ch\/es\/\"},{\"@type\":\"ListItem\",\"position\":2,\"name\":\"Cursos para empresas\"}]},{\"@type\":\"WebSite\",\"@id\":\"https:\/\/switzerlangues.ch\/es\/#website\",\"url\":\"https:\/\/switzerlangues.ch\/es\/\",\"name\":\"switzerlangues\",\"description\":\"\",\"potentialAction\":[{\"@type\":\"SearchAction\",\"target\":{\"@type\":\"EntryPoint\",\"urlTemplate\":\"https:\/\/switzerlangues.ch\/es\/?s={search_term_string}\"},\"query-input\":{\"@type\":\"PropertyValueSpecification\",\"valueRequired\":true,\"valueName\":\"search_term_string\"}}],\"inLanguage\":\"es\"}]}<\/script>\n<!-- \/ Yoast SEO plugin. -->","yoast_head_json":{"title":"Cursos para empresas - switzerlangues","robots":{"index":"index","follow":"follow","max-snippet":"max-snippet:-1","max-image-preview":"max-image-preview:large","max-video-preview":"max-video-preview:-1"},"canonical":"https:\/\/switzerlangues.ch\/es\/corporativo\/","og_locale":"es_ES","og_type":"article","og_title":"Cursos para empresas - switzerlangues","og_description":"Ofrecemos :","og_url":"https:\/\/switzerlangues.ch\/es\/corporativo\/","og_site_name":"switzerlangues","article_modified_time":"2025-10-29T12:44:28+00:00","twitter_card":"summary_large_image","twitter_misc":{"Tiempo de lectura":"1 minuto"},"schema":{"@context":"https:\/\/schema.org","@graph":[{"@type":"WebPage","@id":"https:\/\/switzerlangues.ch\/es\/corporativo\/","url":"https:\/\/switzerlangues.ch\/es\/corporativo\/","name":"Cursos para empresas - switzerlangues","isPartOf":{"@id":"https:\/\/switzerlangues.ch\/es\/#website"},"datePublished":"2024-09-18T08:51:04+00:00","dateModified":"2025-10-29T12:44:28+00:00","breadcrumb":{"@id":"https:\/\/switzerlangues.ch\/es\/corporativo\/#breadcrumb"},"inLanguage":"es","potentialAction":[{"@type":"ReadAction","target":["https:\/\/switzerlangues.ch\/es\/corporativo\/"]}]},{"@type":"BreadcrumbList","@id":"https:\/\/switzerlangues.ch\/es\/corporativo\/#breadcrumb","itemListElement":[{"@type":"ListItem","position":1,"name":"Accueil","item":"https:\/\/switzerlangues.ch\/es\/"},{"@type":"ListItem","position":2,"name":"Cursos para empresas"}]},{"@type":"WebSite","@id":"https:\/\/switzerlangues.ch\/es\/#website","url":"https:\/\/switzerlangues.ch\/es\/","name":"switzerlangues","description":"","potentialAction":[{"@type":"SearchAction","target":{"@type":"EntryPoint","urlTemplate":"https:\/\/switzerlangues.ch\/es\/?s={search_term_string}"},"query-input":{"@type":"PropertyValueSpecification","valueRequired":true,"valueName":"search_term_string"}}],"inLanguage":"es"}]}},"_links":{"self":[{"href":"https:\/\/switzerlangues.ch\/es\/wp-json\/wp\/v2\/pages\/864","targetHints":{"allow":["GET"]}}],"collection":[{"href":"https:\/\/switzerlangues.ch\/es\/wp-json\/wp\/v2\/pages"}],"about":[{"href":"https:\/\/switzerlangues.ch\/es\/wp-json\/wp\/v2\/types\/page"}],"author":[{"embeddable":true,"href":"https:\/\/switzerlangues.ch\/es\/wp-json\/wp\/v2\/users\/1"}],"replies":[{"embeddable":true,"href":"https:\/\/switzerlangues.ch\/es\/wp-json\/wp\/v2\/comments?post=864"}],"version-history":[{"count":6,"href":"https:\/\/switzerlangues.ch\/es\/wp-json\/wp\/v2\/pages\/864\/revisions"}],"predecessor-version":[{"id":2211,"href":"https:\/\/switzerlangues.ch\/es\/wp-json\/wp\/v2\/pages\/864\/revisions\/2211"}],"wp:attachment":[{"href":"https:\/\/switzerlangues.ch\/es\/wp-json\/wp\/v2\/media?parent=864"}],"curies":[{"name":"wp","href":"https:\/\/api.w.org\/{rel}","templated":true}]}}