{"id":895,"date":"2024-10-01T09:59:34","date_gmt":"2024-10-01T07:59:34","guid":{"rendered":"https:\/\/switzerlangues.ch\/tarifs\/"},"modified":"2025-04-14T16:35:17","modified_gmt":"2025-04-14T14:35:17","slug":"tarifas","status":"publish","type":"page","link":"https:\/\/switzerlangues.ch\/es\/tarifas\/","title":{"rendered":"Nuestras tarifas"},"content":{"rendered":"\n<div class=\"wp-block-group\"><div class=\"wp-block-group__inner-container is-layout-constrained wp-block-group-is-layout-constrained\">\n<h2 class=\"wp-block-heading has-text-align-center\">Cursos intensivos<br\/>5 d\u00edas\/semana.<\/h2>\n\n\n\n<div class=\"wp-block-group\"><div class=\"wp-block-group__inner-container is-layout-constrained wp-block-group-is-layout-constrained\"><\/div><\/div>\n\n\n\n<p class=\"has-text-align-center\">Todos los niveles A1\/A2\/B1\/B2<\/p>\n\n\n\n<p class=\"has-text-align-center\"><\/p>\n\n\n\n<p class=\"has-text-align-center\">CHF <strong>950 \/ 4 semanas<\/strong><br\/>CHF 270 \/ semana<br\/>CHF 80 \/ d\u00eda<\/p>\n\n\n\n<p class=\"has-text-align-center\">Paquete especial NIVEL COMPLETO A1 (2 meses), A2, B1, B2 (3 meses) 7% de descuento<\/p>\n\n\n\n<p><\/p>\n<\/div><\/div>\n\n<h2 class=\"wp-block-heading has-text-align-center\">Cursos semi-intensivos<br\/>3 d\u00edas\/semana.<\/h2>\n\n<p class=\"has-text-align-center\">Todos los niveles A1\/A2\/B1\/B2\/C1<\/p>\n\n<p class=\"has-text-align-center\"><\/p>\n\n<p class=\"has-text-align-center\">CHF <strong>525 \/ 4 semanas<\/strong><br\/>CHF 150 \/ semana<br\/>CHF 60 \/ d\u00eda<\/p>\n\n<p class=\"has-text-align-center\">Paquete especial 1 M\u00d3DULO de 2 meses \/ 1 NIVEL COMPLETO (6 meses) 10% de descuento<\/p>\n\n<p><\/p>\n\n<h2 class=\"wp-block-heading has-text-align-center\">Cursos semi-intensivos<br\/>2 d\u00edas\/semana.<\/h2>\n\n<p class=\"has-text-align-center\">Todos los niveles A1\/A2\/B1\/B2\/C1<\/p>\n\n<p class=\"has-text-align-center\">CHF <strong>370,00 \/ 4 semanas<\/strong><br\/>CHF 115,00 \/ semana<br\/>CHF 60,00 \/ d\u00eda<\/p>\n\n<p class=\"has-text-align-center\">Paquete especial 1 M\u00d3DULO de 3 meses \/ 1 NIVEL COMPLETO (9 meses) 10% de descuento<\/p>\n\n<p><\/p>\n\n<h2 class=\"wp-block-heading has-text-align-center\">Conversaci\u00f3n \/ clases orales<br\/>2 d\u00edas\/semana.<\/h2>\n\n<p class=\"has-text-align-center\">Todos los niveles A1\/A2\/B1\/B2\/C1<\/p>\n\n<p class=\"has-text-align-center\"><\/p>\n\n<p class=\"has-text-align-center\">CHF <strong>200 \/ 4 semanas<\/strong><br\/>CHF 75 \/ semana<br\/>CHF 50 \/ d\u00eda<\/p>\n\n<p><\/p>\n\n<h2 class=\"wp-block-heading has-text-align-center\">Cursos semiprivados \/ 3 a 5 participantes<br\/>2 d\u00edas\/semana.<\/h2>\n\n<p class=\"has-text-align-center\">Todos los niveles A1\/A2\/B1\/B2\/C1<br\/>2 horas \/ d\u00eda &#8211; 4 horas semanales<\/p>\n\n<p class=\"has-text-align-center\">CHF <strong>550 \/ 4 semanas<\/strong><br\/>CHF 160 \/ semana<br\/>CHF 80 \/ d\u00eda<\/p>\n\n<p class=\"has-text-align-center\"><\/p>\n\n<p><\/p>\n\n<h2 class=\"wp-block-heading has-text-align-center\">Clases particulares<\/h2>\n\n<p class=\"has-text-align-center\">Todos los niveles A1\/A2\/B1\/B2\/C1<\/p>\n\n<p class=\"has-text-align-center\"><strong>Horario:<\/strong><br\/>A la carta<br\/><br\/>CHF 125,00 \/ h \/ pers. para 1 persona<br\/>CHF 65,00 \/ h \/ pers. para 2 personas    <\/p>\n\n<p><\/p>\n\n<p class=\"has-text-align-center\"><strong>Paquete de<\/strong> <strong>10 horas<\/strong> CHF 120,00 \/ hr.<\/p>\n\n<p class=\"has-text-align-center\"><strong>Paquete de<\/strong> <strong>20 horas<\/strong> CHF 115,00 \/ hr.<\/p>\n\n<p class=\"has-text-align-center\"><strong>Paquete de<\/strong> <strong>50 horas<\/strong> 105,00 CHF \/ hr.<\/p>\n\n<p><\/p>\n\n<p class=\"has-text-align-center\"><strong><em>Matr\u00edcula<\/em><\/strong> (todos los cursos) CHF 100<\/p>\n\n<p class=\"has-text-align-center\"><strong><em>Tarifas en vigor el 30 de diciembre de 2024 &#8211; sujetas a cambios<\/em><\/strong><\/p>\n\n<div style=\"height:176px\" aria-hidden=\"true\" class=\"wp-block-spacer\"><\/div>\n\n<h2 class=\"wp-block-heading has-text-align-center\">Tasa CAF<\/h2>\n\n<p class=\"has-text-align-center\"><strong>Franc\u00e9s Lengua Extranjera &#8211; A1 &#8211; intensivo &#8211; ma\u00f1ana &#8211; preparaci\u00f3n DELF\/FIDE<br\/><\/strong>Ref. CAF : 7970Dominio : Idiomas<br\/>Precio nivel completo : 1&#8217;700.- CHF<br\/>Importe m\u00e1ximo CAF : CHF 750.00<br\/>Duraci\u00f3n: 110 horas <\/p>\n\n<p><\/p>\n\n<p class=\"has-text-align-center\"><strong>Franc\u00e9s Lengua Extranjera &#8211; A1- semi-intensivo &#8211; tarde &#8211; preparaci\u00f3n DELF\/FIDE<br\/><\/strong>Ref. CAF : 7990<br\/>Materia : Idiomas<br\/>Precio nivel completo : 2&#8217;375.- CHF<br\/>Importe m\u00e1ximo CAF : CHF 750.00<br\/>Duraci\u00f3n: 120 horas <\/p>\n\n<p><\/p>\n\n<p class=\"has-text-align-center\"><strong>Franc\u00e9s Lengua Extranjera &#8211; A1 &#8211; semi-intensivo &#8211; tarde &#8211; preparaci\u00f3n DELF\/FIDE<br\/><\/strong>Ref. CAF : 7991Dominio : Idiomas<br\/>Precio nivel completo : CHF 2&#8217;680.-<br\/>Importe m\u00e1ximo CAF : CHF 750.00<br\/>Duraci\u00f3n: 128 horas <\/p>\n\n<p><\/p>\n\n<p class=\"has-text-align-center\"><strong>Franc\u00e9s Lengua Extranjera &#8211; A2 &#8211; intensivo &#8211; ma\u00f1ana &#8211; preparaci\u00f3n DELF\/FIDE<\/strong><br\/>Ref. CAF : 8010<br\/>Materia : Idiomas<br\/>Precio nivel completo : CHF 2&#8217;550.-<br\/>Importe m\u00e1ximo CAF : CHF 750.00<br\/>Duraci\u00f3n : 165 horas <\/p>\n\n<p><\/p>\n\n<p class=\"has-text-align-center\"><strong>Franc\u00e9s Lengua Extranjera &#8211; A2 &#8211; semi-intensivo &#8211; tarde &#8211; preparaci\u00f3n DELF\/FIDE<br\/><\/strong>Ref. CAF : 8011<br\/>Materia : Idiomas<br\/>Precio nivel completo : CHF 2&#8217;850.-<br\/>Importe m\u00e1ximo CAF : CHF 750.00<br\/>Duraci\u00f3n: 144 horas <\/p>\n\n<p><\/p>\n\n<p class=\"has-text-align-center\"><strong>Franc\u00e9s Lengua Extranjera &#8211; A2 &#8211; semi-intensivo &#8211; tarde &#8211; preparaci\u00f3n DELF\/FIDE<br\/><\/strong>Ref. CAF : 8030<br\/>Materia : Idiomas<br\/>Precio nivel completo : 3&#8217;015.- CHF<br\/>Importe m\u00e1ximo CAF : CHF 750.00<br\/>Duraci\u00f3n : 144 horas <\/p>\n\n<p><\/p>\n\n<p class=\"has-text-align-center\"><strong>Franc\u00e9s Lengua Extranjera &#8211; B1 &#8211; intensivo &#8211; ma\u00f1ana &#8211; preparaci\u00f3n DELF\/FIDE<br\/><\/strong>Ref. CAF : 8050<br\/>Materia : Idiomas<br\/>Precio nivel completo : CHF 2&#8217;550.-<br\/>Importe m\u00e1ximo CAF : CHF 750.00<br\/>Duraci\u00f3n: 165 horas <\/p>\n\n<p class=\"has-text-align-center\"><strong>Franc\u00e9s Lengua Extranjera &#8211; B1 &#8211; semi-intensivo &#8211; tarde &#8211; preparaci\u00f3n DELF\/FIDE<br\/><\/strong>Ref. CAF : 8051<br\/>Materia : Idiomas<br\/>Precio nivel completo : CHF 2&#8217;850.-<br\/>Importe m\u00e1ximo CAF : CHF 750.00<br\/>Duraci\u00f3n: 144 horas <\/p>\n\n<p><\/p>\n\n<p class=\"has-text-align-center\"><strong>Franc\u00e9s Lengua Extranjera &#8211; B1 &#8211; semi-intensivo &#8211; nocturno &#8211; preparaci\u00f3n DELF\/FIDE<br\/><\/strong>Ref. CAF : 8052<br\/>Materia : Idiomas<br\/>Precio nivel completo : 3&#8217;015.- CHF<br\/>Importe m\u00e1ximo CAF : CHF 750.00<br\/>Duraci\u00f3n: 144 horas <\/p>\n\n<p><\/p>\n\n<p class=\"has-text-align-center\"><strong>Franc\u00e9s Lengua Extranjera &#8211; B2 &#8211; intensivo &#8211; ma\u00f1ana &#8211; preparaci\u00f3n DELF\/FIDE<br\/><\/strong>Ref. CAF : 8070<br\/>Materia : Idiomas<br\/>Precio nivel completo : CHF 2&#8217;550.-<br\/>Importe m\u00e1ximo CAF : CHF 750.00<br\/>Duraci\u00f3n : 165 horas <\/p>\n\n<p><\/p>\n\n<p class=\"has-text-align-center\"><strong>Franc\u00e9s Lengua Extranjera &#8211; B2 &#8211; semi-intensivo &#8211; tarde &#8211; preparaci\u00f3n DELF\/FIDE<br\/><\/strong>Ref. CAF : 8090<br\/>Materia : Idiomas<br\/>Precio nivel completo : CHF 2&#8217;850.-<br\/>Importe m\u00e1ximo CAF : CHF 750.00<br\/>Duraci\u00f3n : 144 horas <\/p>\n\n<p><\/p>\n\n<p class=\"has-text-align-center\"><strong>Franc\u00e9s Lengua Extranjera &#8211; B2 &#8211; semi-intensivo &#8211; nocturno &#8211; preparaci\u00f3n DELF\/FIDE<br\/><\/strong>Ref. CAF : 8091<br\/>Materia : Idiomas<br\/>Precio nivel completo : 3&#8217;015.- CHF<br\/>Importe m\u00e1ximo CAF : CHF 750.00<br\/>Duraci\u00f3n: 144 horas <\/p>\n","protected":false},"excerpt":{"rendered":"<p>Cursos intensivos5 d\u00edas\/semana. Todos los niveles A1\/A2\/B1\/B2 CHF 950 \/ 4 semanasCHF 270 \/ semanaCHF 80 \/ d\u00eda Paquete especial NIVEL COMPLETO A1 (2 meses), A2, B1, B2 (3 meses) 7% de descuento Cursos semi-intensivos3 d\u00edas\/semana. Todos los niveles A1\/A2\/B1\/B2\/C1 CHF 525 \/ 4 semanasCHF 150 \/ semanaCHF 60 \/ d\u00eda Paquete especial 1 M\u00d3DULO [&hellip;]<\/p>\n","protected":false},"author":1,"featured_media":0,"parent":0,"menu_order":0,"comment_status":"closed","ping_status":"closed","template":"","meta":{"_acf_changed":false,"footnotes":""},"class_list":["post-895","page","type-page","status-publish","hentry"],"acf":[],"yoast_head":"<!-- This site is optimized with the Yoast SEO plugin v27.5 - https:\/\/yoast.com\/product\/yoast-seo-wordpress\/ -->\n<title>Nuestras tarifas - switzerlangues<\/title>\n<meta name=\"robots\" content=\"index, follow, max-snippet:-1, max-image-preview:large, max-video-preview:-1\" \/>\n<link rel=\"canonical\" href=\"https:\/\/switzerlangues.ch\/es\/tarifas\/\" \/>\n<meta property=\"og:locale\" content=\"es_ES\" \/>\n<meta property=\"og:type\" content=\"article\" \/>\n<meta property=\"og:title\" content=\"Nuestras tarifas - switzerlangues\" \/>\n<meta property=\"og:description\" content=\"Cursos intensivos5 d\u00edas\/semana. Todos los niveles A1\/A2\/B1\/B2 CHF 950 \/ 4 semanasCHF 270 \/ semanaCHF 80 \/ d\u00eda Paquete especial NIVEL COMPLETO A1 (2 meses), A2, B1, B2 (3 meses) 7% de descuento Cursos semi-intensivos3 d\u00edas\/semana. Todos los niveles A1\/A2\/B1\/B2\/C1 CHF 525 \/ 4 semanasCHF 150 \/ semanaCHF 60 \/ d\u00eda Paquete especial 1 M\u00d3DULO [&hellip;]\" \/>\n<meta property=\"og:url\" content=\"https:\/\/switzerlangues.ch\/es\/tarifas\/\" \/>\n<meta property=\"og:site_name\" content=\"switzerlangues\" \/>\n<meta property=\"article:modified_time\" content=\"2025-04-14T14:35:17+00:00\" \/>\n<meta name=\"twitter:card\" content=\"summary_large_image\" \/>\n<meta name=\"twitter:label1\" content=\"Tiempo de lectura\" \/>\n\t<meta name=\"twitter:data1\" content=\"3 minutos\" \/>\n<script type=\"application\/ld+json\" class=\"yoast-schema-graph\">{\"@context\":\"https:\\\/\\\/schema.org\",\"@graph\":[{\"@type\":\"WebPage\",\"@id\":\"https:\\\/\\\/switzerlangues.ch\\\/es\\\/tarifas\\\/\",\"url\":\"https:\\\/\\\/switzerlangues.ch\\\/es\\\/tarifas\\\/\",\"name\":\"Nuestras tarifas - switzerlangues\",\"isPartOf\":{\"@id\":\"https:\\\/\\\/switzerlangues.ch\\\/es\\\/#website\"},\"datePublished\":\"2024-10-01T07:59:34+00:00\",\"dateModified\":\"2025-04-14T14:35:17+00:00\",\"breadcrumb\":{\"@id\":\"https:\\\/\\\/switzerlangues.ch\\\/es\\\/tarifas\\\/#breadcrumb\"},\"inLanguage\":\"es\",\"potentialAction\":[{\"@type\":\"ReadAction\",\"target\":[\"https:\\\/\\\/switzerlangues.ch\\\/es\\\/tarifas\\\/\"]}]},{\"@type\":\"BreadcrumbList\",\"@id\":\"https:\\\/\\\/switzerlangues.ch\\\/es\\\/tarifas\\\/#breadcrumb\",\"itemListElement\":[{\"@type\":\"ListItem\",\"position\":1,\"name\":\"Accueil\",\"item\":\"https:\\\/\\\/switzerlangues.ch\\\/es\\\/\"},{\"@type\":\"ListItem\",\"position\":2,\"name\":\"Nuestras tarifas\"}]},{\"@type\":\"WebSite\",\"@id\":\"https:\\\/\\\/switzerlangues.ch\\\/es\\\/#website\",\"url\":\"https:\\\/\\\/switzerlangues.ch\\\/es\\\/\",\"name\":\"switzerlangues\",\"description\":\"\",\"potentialAction\":[{\"@type\":\"SearchAction\",\"target\":{\"@type\":\"EntryPoint\",\"urlTemplate\":\"https:\\\/\\\/switzerlangues.ch\\\/es\\\/?s={search_term_string}\"},\"query-input\":{\"@type\":\"PropertyValueSpecification\",\"valueRequired\":true,\"valueName\":\"search_term_string\"}}],\"inLanguage\":\"es\"}]}<\/script>\n<!-- \/ Yoast SEO plugin. -->","yoast_head_json":{"title":"Nuestras tarifas - switzerlangues","robots":{"index":"index","follow":"follow","max-snippet":"max-snippet:-1","max-image-preview":"max-image-preview:large","max-video-preview":"max-video-preview:-1"},"canonical":"https:\/\/switzerlangues.ch\/es\/tarifas\/","og_locale":"es_ES","og_type":"article","og_title":"Nuestras tarifas - switzerlangues","og_description":"Cursos intensivos5 d\u00edas\/semana. Todos los niveles A1\/A2\/B1\/B2 CHF 950 \/ 4 semanasCHF 270 \/ semanaCHF 80 \/ d\u00eda Paquete especial NIVEL COMPLETO A1 (2 meses), A2, B1, B2 (3 meses) 7% de descuento Cursos semi-intensivos3 d\u00edas\/semana. Todos los niveles A1\/A2\/B1\/B2\/C1 CHF 525 \/ 4 semanasCHF 150 \/ semanaCHF 60 \/ d\u00eda Paquete especial 1 M\u00d3DULO [&hellip;]","og_url":"https:\/\/switzerlangues.ch\/es\/tarifas\/","og_site_name":"switzerlangues","article_modified_time":"2025-04-14T14:35:17+00:00","twitter_card":"summary_large_image","twitter_misc":{"Tiempo de lectura":"3 minutos"},"schema":{"@context":"https:\/\/schema.org","@graph":[{"@type":"WebPage","@id":"https:\/\/switzerlangues.ch\/es\/tarifas\/","url":"https:\/\/switzerlangues.ch\/es\/tarifas\/","name":"Nuestras tarifas - switzerlangues","isPartOf":{"@id":"https:\/\/switzerlangues.ch\/es\/#website"},"datePublished":"2024-10-01T07:59:34+00:00","dateModified":"2025-04-14T14:35:17+00:00","breadcrumb":{"@id":"https:\/\/switzerlangues.ch\/es\/tarifas\/#breadcrumb"},"inLanguage":"es","potentialAction":[{"@type":"ReadAction","target":["https:\/\/switzerlangues.ch\/es\/tarifas\/"]}]},{"@type":"BreadcrumbList","@id":"https:\/\/switzerlangues.ch\/es\/tarifas\/#breadcrumb","itemListElement":[{"@type":"ListItem","position":1,"name":"Accueil","item":"https:\/\/switzerlangues.ch\/es\/"},{"@type":"ListItem","position":2,"name":"Nuestras tarifas"}]},{"@type":"WebSite","@id":"https:\/\/switzerlangues.ch\/es\/#website","url":"https:\/\/switzerlangues.ch\/es\/","name":"switzerlangues","description":"","potentialAction":[{"@type":"SearchAction","target":{"@type":"EntryPoint","urlTemplate":"https:\/\/switzerlangues.ch\/es\/?s={search_term_string}"},"query-input":{"@type":"PropertyValueSpecification","valueRequired":true,"valueName":"search_term_string"}}],"inLanguage":"es"}]}},"_links":{"self":[{"href":"https:\/\/switzerlangues.ch\/es\/wp-json\/wp\/v2\/pages\/895","targetHints":{"allow":["GET"]}}],"collection":[{"href":"https:\/\/switzerlangues.ch\/es\/wp-json\/wp\/v2\/pages"}],"about":[{"href":"https:\/\/switzerlangues.ch\/es\/wp-json\/wp\/v2\/types\/page"}],"author":[{"embeddable":true,"href":"https:\/\/switzerlangues.ch\/es\/wp-json\/wp\/v2\/users\/1"}],"replies":[{"embeddable":true,"href":"https:\/\/switzerlangues.ch\/es\/wp-json\/wp\/v2\/comments?post=895"}],"version-history":[{"count":3,"href":"https:\/\/switzerlangues.ch\/es\/wp-json\/wp\/v2\/pages\/895\/revisions"}],"predecessor-version":[{"id":1200,"href":"https:\/\/switzerlangues.ch\/es\/wp-json\/wp\/v2\/pages\/895\/revisions\/1200"}],"wp:attachment":[{"href":"https:\/\/switzerlangues.ch\/es\/wp-json\/wp\/v2\/media?parent=895"}],"curies":[{"name":"wp","href":"https:\/\/api.w.org\/{rel}","templated":true}]}}