{"id":902,"date":"2024-10-31T10:21:32","date_gmt":"2024-10-31T09:21:32","guid":{"rendered":"https:\/\/switzerlangues.ch\/politique-qualite\/"},"modified":"2025-03-07T14:22:46","modified_gmt":"2025-03-07T13:22:46","slug":"politica-de-calidad","status":"publish","type":"page","link":"https:\/\/switzerlangues.ch\/es\/politica-de-calidad\/","title":{"rendered":"Pol\u00edtica de calidad"},"content":{"rendered":"\n<p>SwitzerLangues, un centro de formaci\u00f3n ling\u00fc\u00edstica para adultos en Ginebra, ayuda a desarrollar competencias ling\u00fc\u00edsticas acordes con las necesidades del mercado laboral, tanto para empresas como para particulares, y tambi\u00e9n contribuye a la integraci\u00f3n de los no franc\u00f3fonos en la Suiza franc\u00f3fona.<\/p>\n\n<p><br\/>SwitzerLangues est\u00e1 comprometida con la mejora continua, basada en el sistema de gesti\u00f3n de calidad EduQua.<\/p>\n\n<p><br\/>En un entorno en constante evoluci\u00f3n, SwitzerLangues se basa en sus valores para alcanzar sus objetivos estrat\u00e9gicos: flexibilidad, adaptabilidad, compromiso, calidad de los cursos y del personal, dinamismo, experiencia, esp\u00edritu de equipo y cordialidad.<\/p>\n\n<p><br\/>La pol\u00edtica de calidad tiene 3 ejes principales:<\/p>\n\n<ul class=\"wp-block-list\">\n<li>Satisfacci\u00f3n del cliente y de las partes interesadas;<\/li>\n\n\n\n<li>Gesti\u00f3n de riesgos y oportunidades ;<\/li>\n\n\n\n<li>Mejora continua.<\/li>\n<\/ul>\n\n<p><\/p>\n\n<p><\/p>\n\n<p>La direcci\u00f3n pone en pr\u00e1ctica este enfoque de mejora mediante la aplicaci\u00f3n de procedimientos, medidas de apoyo y una evaluaci\u00f3n continua.<\/p>\n","protected":false},"excerpt":{"rendered":"<p>SwitzerLangues, un centro de formaci\u00f3n ling\u00fc\u00edstica para adultos en Ginebra, ayuda a desarrollar competencias ling\u00fc\u00edsticas acordes con las necesidades del mercado laboral, tanto para empresas como para particulares, y tambi\u00e9n contribuye a la integraci\u00f3n de los no franc\u00f3fonos en la Suiza franc\u00f3fona. SwitzerLangues est\u00e1 comprometida con la mejora continua, basada en el sistema de gesti\u00f3n [&hellip;]<\/p>\n","protected":false},"author":1,"featured_media":0,"parent":0,"menu_order":0,"comment_status":"closed","ping_status":"closed","template":"","meta":{"_acf_changed":false,"footnotes":""},"class_list":["post-902","page","type-page","status-publish","hentry"],"acf":[],"yoast_head":"<!-- This site is optimized with the Yoast SEO plugin v27.5 - https:\/\/yoast.com\/product\/yoast-seo-wordpress\/ -->\n<title>Pol\u00edtica de calidad - switzerlangues<\/title>\n<meta name=\"robots\" content=\"index, follow, max-snippet:-1, max-image-preview:large, max-video-preview:-1\" \/>\n<link rel=\"canonical\" href=\"https:\/\/switzerlangues.ch\/es\/politica-de-calidad\/\" \/>\n<meta property=\"og:locale\" content=\"es_ES\" \/>\n<meta property=\"og:type\" content=\"article\" \/>\n<meta property=\"og:title\" content=\"Pol\u00edtica de calidad - switzerlangues\" \/>\n<meta property=\"og:description\" content=\"SwitzerLangues, un centro de formaci\u00f3n ling\u00fc\u00edstica para adultos en Ginebra, ayuda a desarrollar competencias ling\u00fc\u00edsticas acordes con las necesidades del mercado laboral, tanto para empresas como para particulares, y tambi\u00e9n contribuye a la integraci\u00f3n de los no franc\u00f3fonos en la Suiza franc\u00f3fona. SwitzerLangues est\u00e1 comprometida con la mejora continua, basada en el sistema de gesti\u00f3n [&hellip;]\" \/>\n<meta property=\"og:url\" content=\"https:\/\/switzerlangues.ch\/es\/politica-de-calidad\/\" \/>\n<meta property=\"og:site_name\" content=\"switzerlangues\" \/>\n<meta property=\"article:modified_time\" content=\"2025-03-07T13:22:46+00:00\" \/>\n<meta name=\"twitter:card\" content=\"summary_large_image\" \/>\n<meta name=\"twitter:label1\" content=\"Tiempo de lectura\" \/>\n\t<meta name=\"twitter:data1\" content=\"1 minuto\" \/>\n<script type=\"application\/ld+json\" class=\"yoast-schema-graph\">{\"@context\":\"https:\\\/\\\/schema.org\",\"@graph\":[{\"@type\":\"WebPage\",\"@id\":\"https:\\\/\\\/switzerlangues.ch\\\/es\\\/politica-de-calidad\\\/\",\"url\":\"https:\\\/\\\/switzerlangues.ch\\\/es\\\/politica-de-calidad\\\/\",\"name\":\"Pol\u00edtica de calidad - switzerlangues\",\"isPartOf\":{\"@id\":\"https:\\\/\\\/switzerlangues.ch\\\/es\\\/#website\"},\"datePublished\":\"2024-10-31T09:21:32+00:00\",\"dateModified\":\"2025-03-07T13:22:46+00:00\",\"breadcrumb\":{\"@id\":\"https:\\\/\\\/switzerlangues.ch\\\/es\\\/politica-de-calidad\\\/#breadcrumb\"},\"inLanguage\":\"es\",\"potentialAction\":[{\"@type\":\"ReadAction\",\"target\":[\"https:\\\/\\\/switzerlangues.ch\\\/es\\\/politica-de-calidad\\\/\"]}]},{\"@type\":\"BreadcrumbList\",\"@id\":\"https:\\\/\\\/switzerlangues.ch\\\/es\\\/politica-de-calidad\\\/#breadcrumb\",\"itemListElement\":[{\"@type\":\"ListItem\",\"position\":1,\"name\":\"Accueil\",\"item\":\"https:\\\/\\\/switzerlangues.ch\\\/es\\\/\"},{\"@type\":\"ListItem\",\"position\":2,\"name\":\"Pol\u00edtica de calidad\"}]},{\"@type\":\"WebSite\",\"@id\":\"https:\\\/\\\/switzerlangues.ch\\\/es\\\/#website\",\"url\":\"https:\\\/\\\/switzerlangues.ch\\\/es\\\/\",\"name\":\"switzerlangues\",\"description\":\"\",\"potentialAction\":[{\"@type\":\"SearchAction\",\"target\":{\"@type\":\"EntryPoint\",\"urlTemplate\":\"https:\\\/\\\/switzerlangues.ch\\\/es\\\/?s={search_term_string}\"},\"query-input\":{\"@type\":\"PropertyValueSpecification\",\"valueRequired\":true,\"valueName\":\"search_term_string\"}}],\"inLanguage\":\"es\"}]}<\/script>\n<!-- \/ Yoast SEO plugin. -->","yoast_head_json":{"title":"Pol\u00edtica de calidad - switzerlangues","robots":{"index":"index","follow":"follow","max-snippet":"max-snippet:-1","max-image-preview":"max-image-preview:large","max-video-preview":"max-video-preview:-1"},"canonical":"https:\/\/switzerlangues.ch\/es\/politica-de-calidad\/","og_locale":"es_ES","og_type":"article","og_title":"Pol\u00edtica de calidad - switzerlangues","og_description":"SwitzerLangues, un centro de formaci\u00f3n ling\u00fc\u00edstica para adultos en Ginebra, ayuda a desarrollar competencias ling\u00fc\u00edsticas acordes con las necesidades del mercado laboral, tanto para empresas como para particulares, y tambi\u00e9n contribuye a la integraci\u00f3n de los no franc\u00f3fonos en la Suiza franc\u00f3fona. SwitzerLangues est\u00e1 comprometida con la mejora continua, basada en el sistema de gesti\u00f3n [&hellip;]","og_url":"https:\/\/switzerlangues.ch\/es\/politica-de-calidad\/","og_site_name":"switzerlangues","article_modified_time":"2025-03-07T13:22:46+00:00","twitter_card":"summary_large_image","twitter_misc":{"Tiempo de lectura":"1 minuto"},"schema":{"@context":"https:\/\/schema.org","@graph":[{"@type":"WebPage","@id":"https:\/\/switzerlangues.ch\/es\/politica-de-calidad\/","url":"https:\/\/switzerlangues.ch\/es\/politica-de-calidad\/","name":"Pol\u00edtica de calidad - switzerlangues","isPartOf":{"@id":"https:\/\/switzerlangues.ch\/es\/#website"},"datePublished":"2024-10-31T09:21:32+00:00","dateModified":"2025-03-07T13:22:46+00:00","breadcrumb":{"@id":"https:\/\/switzerlangues.ch\/es\/politica-de-calidad\/#breadcrumb"},"inLanguage":"es","potentialAction":[{"@type":"ReadAction","target":["https:\/\/switzerlangues.ch\/es\/politica-de-calidad\/"]}]},{"@type":"BreadcrumbList","@id":"https:\/\/switzerlangues.ch\/es\/politica-de-calidad\/#breadcrumb","itemListElement":[{"@type":"ListItem","position":1,"name":"Accueil","item":"https:\/\/switzerlangues.ch\/es\/"},{"@type":"ListItem","position":2,"name":"Pol\u00edtica de calidad"}]},{"@type":"WebSite","@id":"https:\/\/switzerlangues.ch\/es\/#website","url":"https:\/\/switzerlangues.ch\/es\/","name":"switzerlangues","description":"","potentialAction":[{"@type":"SearchAction","target":{"@type":"EntryPoint","urlTemplate":"https:\/\/switzerlangues.ch\/es\/?s={search_term_string}"},"query-input":{"@type":"PropertyValueSpecification","valueRequired":true,"valueName":"search_term_string"}}],"inLanguage":"es"}]}},"_links":{"self":[{"href":"https:\/\/switzerlangues.ch\/es\/wp-json\/wp\/v2\/pages\/902","targetHints":{"allow":["GET"]}}],"collection":[{"href":"https:\/\/switzerlangues.ch\/es\/wp-json\/wp\/v2\/pages"}],"about":[{"href":"https:\/\/switzerlangues.ch\/es\/wp-json\/wp\/v2\/types\/page"}],"author":[{"embeddable":true,"href":"https:\/\/switzerlangues.ch\/es\/wp-json\/wp\/v2\/users\/1"}],"replies":[{"embeddable":true,"href":"https:\/\/switzerlangues.ch\/es\/wp-json\/wp\/v2\/comments?post=902"}],"version-history":[{"count":2,"href":"https:\/\/switzerlangues.ch\/es\/wp-json\/wp\/v2\/pages\/902\/revisions"}],"predecessor-version":[{"id":904,"href":"https:\/\/switzerlangues.ch\/es\/wp-json\/wp\/v2\/pages\/902\/revisions\/904"}],"wp:attachment":[{"href":"https:\/\/switzerlangues.ch\/es\/wp-json\/wp\/v2\/media?parent=902"}],"curies":[{"name":"wp","href":"https:\/\/api.w.org\/{rel}","templated":true}]}}